{"id":873,"date":"2020-03-27T13:10:13","date_gmt":"2020-03-27T12:10:13","guid":{"rendered":"https:\/\/synoptic-erp.com\/fr?post_type=product&#038;p=873"},"modified":"2026-02-18T09:46:37","modified_gmt":"2026-02-18T08:46:37","slug":"erp-business-intelligence","status":"publish","type":"product","link":"https:\/\/www.synoptic-erp.com\/fr\/fonctionnalites\/erp-business-intelligence\/","title":{"rendered":"Business Intelligence (BI)"},"content":{"rendered":"","protected":false},"excerpt":{"rendered":"","protected":false},"featured_media":1365,"template":"","job_type":[],"product_function":[],"product_support":[],"class_list":["post-873","product","type-product","status-publish","has-post-thumbnail","hentry"],"acf":[],"yoast_head":"<!-- This site is optimized with the Yoast SEO Premium plugin v15.0 - https:\/\/yoast.com\/wordpress\/plugins\/seo\/ -->\n<title>Outils BI\/Business Intelligence pour PME - Synoptic ERP<\/title>\n<meta name=\"description\" content=\"Optez pour les meilleurs outils de Business Intelligence pour votre PME. Am\u00e9liorez la prise de d\u00e9cision gr\u00e2ce \u00e0 une vision globale de vos indicateurs cl\u00e9s.\" \/>\n<meta name=\"robots\" content=\"index, follow, max-snippet:-1, max-image-preview:large, max-video-preview:-1\" \/>\n<link rel=\"canonical\" href=\"https:\/\/www.synoptic-erp.com\/fr\/fonctionnalites\/erp-business-intelligence\/\" \/>\n<meta property=\"og:locale\" content=\"fr_FR\" \/>\n<meta property=\"og:type\" content=\"article\" \/>\n<meta property=\"og:title\" content=\"Outils BI\/Business Intelligence pour PME - Synoptic ERP\" \/>\n<meta property=\"og:description\" content=\"Optez pour les meilleurs outils de Business Intelligence pour votre PME. Am\u00e9liorez la prise de d\u00e9cision gr\u00e2ce \u00e0 une vision globale de vos indicateurs cl\u00e9s.\" \/>\n<meta property=\"og:url\" content=\"https:\/\/www.synoptic-erp.com\/fr\/fonctionnalites\/erp-business-intelligence\/\" \/>\n<meta property=\"og:site_name\" content=\"Synoptic ERP\" \/>\n<meta property=\"article:modified_time\" content=\"2026-02-18T08:46:37+00:00\" \/>\n<meta property=\"og:image\" content=\"https:\/\/www.synoptic-erp.com\/wp-content\/uploads\/2020\/03\/Business-intelligence-Synoptic-ERP.jpeg\" \/>\n\t<meta property=\"og:image:width\" content=\"680\" \/>\n\t<meta property=\"og:image:height\" content=\"454\" \/>\n<meta name=\"twitter:card\" content=\"summary_large_image\" \/>\n<script type=\"application\/ld+json\" class=\"yoast-schema-graph\">{\"@context\":\"https:\/\/schema.org\",\"@graph\":[{\"@type\":\"WebSite\",\"@id\":\"https:\/\/www.synoptic-erp.com\/fr\/#website\",\"url\":\"https:\/\/www.synoptic-erp.com\/fr\/\",\"name\":\"Synoptic ERP\",\"description\":\"L&#039;ERP modulaire et personnalisable pour PME\",\"potentialAction\":[{\"@type\":\"SearchAction\",\"target\":\"https:\/\/www.synoptic-erp.com\/fr\/?s={search_term_string}\",\"query-input\":\"required name=search_term_string\"}],\"inLanguage\":\"fr-FR\"},{\"@type\":\"ImageObject\",\"@id\":\"https:\/\/www.synoptic-erp.com\/fr\/fonctionnalites\/erp-business-intelligence\/#primaryimage\",\"inLanguage\":\"fr-FR\",\"url\":\"https:\/\/www.synoptic-erp.com\/wp-content\/uploads\/2020\/03\/Business-intelligence-Synoptic-ERP.jpeg\",\"width\":680,\"height\":454,\"caption\":\"Business Intelligence PME ERP\"},{\"@type\":\"WebPage\",\"@id\":\"https:\/\/www.synoptic-erp.com\/fr\/fonctionnalites\/erp-business-intelligence\/#webpage\",\"url\":\"https:\/\/www.synoptic-erp.com\/fr\/fonctionnalites\/erp-business-intelligence\/\",\"name\":\"Outils BI\/Business Intelligence pour PME - Synoptic ERP\",\"isPartOf\":{\"@id\":\"https:\/\/www.synoptic-erp.com\/fr\/#website\"},\"primaryImageOfPage\":{\"@id\":\"https:\/\/www.synoptic-erp.com\/fr\/fonctionnalites\/erp-business-intelligence\/#primaryimage\"},\"datePublished\":\"2020-03-27T12:10:13+00:00\",\"dateModified\":\"2026-02-18T08:46:37+00:00\",\"description\":\"Optez pour les meilleurs outils de Business Intelligence pour votre PME. Am\\u00e9liorez la prise de d\\u00e9cision gr\\u00e2ce \\u00e0 une vision globale de vos indicateurs cl\\u00e9s.\",\"breadcrumb\":{\"@id\":\"https:\/\/www.synoptic-erp.com\/fr\/fonctionnalites\/erp-business-intelligence\/#breadcrumb\"},\"inLanguage\":\"fr-FR\",\"potentialAction\":[{\"@type\":\"ReadAction\",\"target\":[\"https:\/\/www.synoptic-erp.com\/fr\/fonctionnalites\/erp-business-intelligence\/\"]}]},{\"@type\":\"BreadcrumbList\",\"@id\":\"https:\/\/www.synoptic-erp.com\/fr\/fonctionnalites\/erp-business-intelligence\/#breadcrumb\",\"itemListElement\":[{\"@type\":\"ListItem\",\"position\":1,\"item\":{\"@type\":\"WebPage\",\"@id\":\"https:\/\/www.synoptic-erp.com\/fr\/\",\"url\":\"https:\/\/www.synoptic-erp.com\/fr\/\",\"name\":\"Accueil\"}},{\"@type\":\"ListItem\",\"position\":2,\"item\":{\"@type\":\"WebPage\",\"@id\":\"https:\/\/www.synoptic-erp.com\/fr\/fonctionnalites\/\",\"url\":\"https:\/\/www.synoptic-erp.com\/fr\/fonctionnalites\/\",\"name\":\"Fonctionnalit\\u00e9s\"}}]}]}<\/script>\n<!-- \/ Yoast SEO Premium plugin. -->","_links":{"self":[{"href":"https:\/\/www.synoptic-erp.com\/fr\/wp-json\/wp\/v2\/product\/873","targetHints":{"allow":["GET"]}}],"collection":[{"href":"https:\/\/www.synoptic-erp.com\/fr\/wp-json\/wp\/v2\/product"}],"about":[{"href":"https:\/\/www.synoptic-erp.com\/fr\/wp-json\/wp\/v2\/types\/product"}],"version-history":[{"count":0,"href":"https:\/\/www.synoptic-erp.com\/fr\/wp-json\/wp\/v2\/product\/873\/revisions"}],"wp:featuredmedia":[{"embeddable":true,"href":"https:\/\/www.synoptic-erp.com\/fr\/wp-json\/wp\/v2\/media\/1365"}],"wp:attachment":[{"href":"https:\/\/www.synoptic-erp.com\/fr\/wp-json\/wp\/v2\/media?parent=873"}],"wp:term":[{"taxonomy":"job_type","embeddable":true,"href":"https:\/\/www.synoptic-erp.com\/fr\/wp-json\/wp\/v2\/job_type?post=873"},{"taxonomy":"product_function","embeddable":true,"href":"https:\/\/www.synoptic-erp.com\/fr\/wp-json\/wp\/v2\/product_function?post=873"},{"taxonomy":"product_support","embeddable":true,"href":"https:\/\/www.synoptic-erp.com\/fr\/wp-json\/wp\/v2\/product_support?post=873"}],"curies":[{"name":"wp","href":"https:\/\/api.w.org\/{rel}","templated":true}]}}