{"id":871,"date":"2020-03-27T13:08:17","date_gmt":"2020-03-27T12:08:17","guid":{"rendered":"https:\/\/synoptic-erp.com\/fr?post_type=product&#038;p=871"},"modified":"2022-03-29T10:43:04","modified_gmt":"2022-03-29T08:43:04","slug":"erp-workflow","status":"publish","type":"product","link":"https:\/\/www.synoptic-erp.com\/fr\/fonctionnalites\/erp-workflow\/","title":{"rendered":"Workflow"},"content":{"rendered":"","protected":false},"excerpt":{"rendered":"","protected":false},"featured_media":1347,"template":"","job_type":[],"product_function":[],"product_support":[],"class_list":["post-871","product","type-product","status-publish","has-post-thumbnail","hentry"],"acf":[],"yoast_head":"<!-- This site is optimized with the Yoast SEO Premium plugin v15.0 - https:\/\/yoast.com\/wordpress\/plugins\/seo\/ -->\n<title>Workflow pour PME - Synoptic ERP<\/title>\n<meta name=\"description\" content=\"Am\u00e9liorez la r\u00e9activit\u00e9 de vos \u00e9quipes et facilitez l&#039;\u00e9change des informations au sein de votre entreprise gr\u00e2ce au module workflow de Synoptic ERP.\" \/>\n<meta name=\"robots\" content=\"index, follow, max-snippet:-1, max-image-preview:large, max-video-preview:-1\" \/>\n<link rel=\"canonical\" href=\"https:\/\/www.synoptic-erp.com\/fr\/fonctionnalites\/erp-workflow\/\" \/>\n<meta property=\"og:locale\" content=\"fr_FR\" \/>\n<meta property=\"og:type\" content=\"article\" \/>\n<meta property=\"og:title\" content=\"Workflow pour PME - Synoptic ERP\" \/>\n<meta property=\"og:description\" content=\"Am\u00e9liorez la r\u00e9activit\u00e9 de vos \u00e9quipes et facilitez l&#039;\u00e9change des informations au sein de votre entreprise gr\u00e2ce au module workflow de Synoptic ERP.\" \/>\n<meta property=\"og:url\" content=\"https:\/\/www.synoptic-erp.com\/fr\/fonctionnalites\/erp-workflow\/\" \/>\n<meta property=\"og:site_name\" content=\"Synoptic ERP\" \/>\n<meta property=\"article:modified_time\" content=\"2022-03-29T08:43:04+00:00\" \/>\n<meta property=\"og:image\" content=\"https:\/\/www.synoptic-erp.com\/wp-content\/uploads\/2020\/03\/Workflow-Synoptic-ERP.jpeg\" \/>\n\t<meta property=\"og:image:width\" content=\"680\" \/>\n\t<meta property=\"og:image:height\" content=\"453\" \/>\n<meta name=\"twitter:card\" content=\"summary_large_image\" \/>\n<script type=\"application\/ld+json\" class=\"yoast-schema-graph\">{\"@context\":\"https:\/\/schema.org\",\"@graph\":[{\"@type\":\"WebSite\",\"@id\":\"https:\/\/www.synoptic-erp.com\/fr\/#website\",\"url\":\"https:\/\/www.synoptic-erp.com\/fr\/\",\"name\":\"Synoptic ERP\",\"description\":\"L&#039;ERP modulaire et personnalisable pour PME\",\"potentialAction\":[{\"@type\":\"SearchAction\",\"target\":\"https:\/\/www.synoptic-erp.com\/fr\/?s={search_term_string}\",\"query-input\":\"required name=search_term_string\"}],\"inLanguage\":\"fr-FR\"},{\"@type\":\"ImageObject\",\"@id\":\"https:\/\/www.synoptic-erp.com\/fr\/fonctionnalites\/erp-workflow\/#primaryimage\",\"inLanguage\":\"fr-FR\",\"url\":\"https:\/\/www.synoptic-erp.com\/wp-content\/uploads\/2020\/03\/Workflow-Synoptic-ERP.jpeg\",\"width\":680,\"height\":453,\"caption\":\"Module workflow ERP\"},{\"@type\":\"WebPage\",\"@id\":\"https:\/\/www.synoptic-erp.com\/fr\/fonctionnalites\/erp-workflow\/#webpage\",\"url\":\"https:\/\/www.synoptic-erp.com\/fr\/fonctionnalites\/erp-workflow\/\",\"name\":\"Workflow pour PME - Synoptic ERP\",\"isPartOf\":{\"@id\":\"https:\/\/www.synoptic-erp.com\/fr\/#website\"},\"primaryImageOfPage\":{\"@id\":\"https:\/\/www.synoptic-erp.com\/fr\/fonctionnalites\/erp-workflow\/#primaryimage\"},\"datePublished\":\"2020-03-27T12:08:17+00:00\",\"dateModified\":\"2022-03-29T08:43:04+00:00\",\"description\":\"Am\\u00e9liorez la r\\u00e9activit\\u00e9 de vos \\u00e9quipes et facilitez l'\\u00e9change des informations au sein de votre entreprise gr\\u00e2ce au module workflow de Synoptic ERP.\",\"breadcrumb\":{\"@id\":\"https:\/\/www.synoptic-erp.com\/fr\/fonctionnalites\/erp-workflow\/#breadcrumb\"},\"inLanguage\":\"fr-FR\",\"potentialAction\":[{\"@type\":\"ReadAction\",\"target\":[\"https:\/\/www.synoptic-erp.com\/fr\/fonctionnalites\/erp-workflow\/\"]}]},{\"@type\":\"BreadcrumbList\",\"@id\":\"https:\/\/www.synoptic-erp.com\/fr\/fonctionnalites\/erp-workflow\/#breadcrumb\",\"itemListElement\":[{\"@type\":\"ListItem\",\"position\":1,\"item\":{\"@type\":\"WebPage\",\"@id\":\"https:\/\/www.synoptic-erp.com\/fr\/\",\"url\":\"https:\/\/www.synoptic-erp.com\/fr\/\",\"name\":\"Accueil\"}},{\"@type\":\"ListItem\",\"position\":2,\"item\":{\"@type\":\"WebPage\",\"@id\":\"https:\/\/www.synoptic-erp.com\/fr\/fonctionnalites\/\",\"url\":\"https:\/\/www.synoptic-erp.com\/fr\/fonctionnalites\/\",\"name\":\"Fonctionnalit\\u00e9s\"}}]}]}<\/script>\n<!-- \/ Yoast SEO Premium plugin. -->","_links":{"self":[{"href":"https:\/\/www.synoptic-erp.com\/fr\/wp-json\/wp\/v2\/product\/871","targetHints":{"allow":["GET"]}}],"collection":[{"href":"https:\/\/www.synoptic-erp.com\/fr\/wp-json\/wp\/v2\/product"}],"about":[{"href":"https:\/\/www.synoptic-erp.com\/fr\/wp-json\/wp\/v2\/types\/product"}],"version-history":[{"count":0,"href":"https:\/\/www.synoptic-erp.com\/fr\/wp-json\/wp\/v2\/product\/871\/revisions"}],"wp:featuredmedia":[{"embeddable":true,"href":"https:\/\/www.synoptic-erp.com\/fr\/wp-json\/wp\/v2\/media\/1347"}],"wp:attachment":[{"href":"https:\/\/www.synoptic-erp.com\/fr\/wp-json\/wp\/v2\/media?parent=871"}],"wp:term":[{"taxonomy":"job_type","embeddable":true,"href":"https:\/\/www.synoptic-erp.com\/fr\/wp-json\/wp\/v2\/job_type?post=871"},{"taxonomy":"product_function","embeddable":true,"href":"https:\/\/www.synoptic-erp.com\/fr\/wp-json\/wp\/v2\/product_function?post=871"},{"taxonomy":"product_support","embeddable":true,"href":"https:\/\/www.synoptic-erp.com\/fr\/wp-json\/wp\/v2\/product_support?post=871"}],"curies":[{"name":"wp","href":"https:\/\/api.w.org\/{rel}","templated":true}]}}