{"id":5896,"date":"2020-04-01T07:54:15","date_gmt":"2020-04-01T05:54:15","guid":{"rendered":"https:\/\/www.synoptic-erp.com\/?post_type=product&#038;p=5896"},"modified":"2025-06-23T12:10:44","modified_gmt":"2025-06-23T10:10:44","slug":"dematerialisation-factures-fournisseurs","status":"publish","type":"product","link":"https:\/\/www.synoptic-erp.com\/fr\/fonctionnalites\/dematerialisation-factures-fournisseurs\/","title":{"rendered":"D\u00e9mat\u00e9rialisation des factures fournisseurs"},"content":{"rendered":"","protected":false},"excerpt":{"rendered":"","protected":false},"featured_media":5898,"template":"","job_type":[],"product_function":[],"product_support":[],"class_list":["post-5896","product","type-product","status-publish","has-post-thumbnail","hentry"],"acf":[],"yoast_head":"<!-- This site is optimized with the Yoast SEO Premium plugin v15.0 - https:\/\/yoast.com\/wordpress\/plugins\/seo\/ -->\n<title>D\u00e9mat\u00e9rialisation des factures fournisseurs | Synoptic ERP<\/title>\n<meta name=\"description\" content=\"D\u00e9couvrez comment Synoptic ERP simplifie la d\u00e9mat\u00e9rialisation des factures fournisseurs. S\u00e9curisez et automatisez votre gestion avec votre ERP.\" \/>\n<meta name=\"robots\" content=\"index, follow, max-snippet:-1, max-image-preview:large, max-video-preview:-1\" \/>\n<link rel=\"canonical\" href=\"https:\/\/www.synoptic-erp.com\/fr\/fonctionnalites\/dematerialisation-factures-fournisseurs\/\" \/>\n<meta property=\"og:locale\" content=\"fr_FR\" \/>\n<meta property=\"og:type\" content=\"article\" \/>\n<meta property=\"og:title\" content=\"D\u00e9mat\u00e9rialisation des factures fournisseurs | Synoptic ERP\" \/>\n<meta property=\"og:description\" content=\"D\u00e9couvrez comment Synoptic ERP simplifie la d\u00e9mat\u00e9rialisation des factures fournisseurs. S\u00e9curisez et automatisez votre gestion avec votre ERP.\" \/>\n<meta property=\"og:url\" content=\"https:\/\/www.synoptic-erp.com\/fr\/fonctionnalites\/dematerialisation-factures-fournisseurs\/\" \/>\n<meta property=\"og:site_name\" content=\"Synoptic ERP\" \/>\n<meta property=\"article:modified_time\" content=\"2025-06-23T10:10:44+00:00\" \/>\n<meta property=\"og:image\" content=\"https:\/\/www.synoptic-erp.com\/wp-content\/uploads\/2025\/04\/Dematerialisation-factures-fournisseurs-Synoptic-ERP.jpg\" \/>\n\t<meta property=\"og:image:width\" content=\"800\" \/>\n\t<meta property=\"og:image:height\" content=\"450\" \/>\n<meta name=\"twitter:card\" content=\"summary_large_image\" \/>\n<script type=\"application\/ld+json\" class=\"yoast-schema-graph\">{\"@context\":\"https:\/\/schema.org\",\"@graph\":[{\"@type\":\"WebSite\",\"@id\":\"https:\/\/www.synoptic-erp.com\/fr\/#website\",\"url\":\"https:\/\/www.synoptic-erp.com\/fr\/\",\"name\":\"Synoptic ERP\",\"description\":\"L&#039;ERP modulaire et personnalisable pour PME\",\"potentialAction\":[{\"@type\":\"SearchAction\",\"target\":\"https:\/\/www.synoptic-erp.com\/fr\/?s={search_term_string}\",\"query-input\":\"required name=search_term_string\"}],\"inLanguage\":\"fr-FR\"},{\"@type\":\"ImageObject\",\"@id\":\"https:\/\/www.synoptic-erp.com\/fr\/fonctionnalites\/dematerialisation-factures-fournisseurs\/#primaryimage\",\"inLanguage\":\"fr-FR\",\"url\":\"https:\/\/www.synoptic-erp.com\/wp-content\/uploads\/2025\/04\/Dematerialisation-factures-fournisseurs-Synoptic-ERP.jpg\",\"width\":800,\"height\":450,\"caption\":\"Module de d\\u00e9mat\\u00e9rialisation des factures fournisseurs\"},{\"@type\":\"WebPage\",\"@id\":\"https:\/\/www.synoptic-erp.com\/fr\/fonctionnalites\/dematerialisation-factures-fournisseurs\/#webpage\",\"url\":\"https:\/\/www.synoptic-erp.com\/fr\/fonctionnalites\/dematerialisation-factures-fournisseurs\/\",\"name\":\"D\\u00e9mat\\u00e9rialisation des factures fournisseurs | Synoptic ERP\",\"isPartOf\":{\"@id\":\"https:\/\/www.synoptic-erp.com\/fr\/#website\"},\"primaryImageOfPage\":{\"@id\":\"https:\/\/www.synoptic-erp.com\/fr\/fonctionnalites\/dematerialisation-factures-fournisseurs\/#primaryimage\"},\"datePublished\":\"2020-04-01T05:54:15+00:00\",\"dateModified\":\"2025-06-23T10:10:44+00:00\",\"description\":\"D\\u00e9couvrez comment Synoptic ERP simplifie la d\\u00e9mat\\u00e9rialisation des factures fournisseurs. S\\u00e9curisez et automatisez votre gestion avec votre ERP.\",\"breadcrumb\":{\"@id\":\"https:\/\/www.synoptic-erp.com\/fr\/fonctionnalites\/dematerialisation-factures-fournisseurs\/#breadcrumb\"},\"inLanguage\":\"fr-FR\",\"potentialAction\":[{\"@type\":\"ReadAction\",\"target\":[\"https:\/\/www.synoptic-erp.com\/fr\/fonctionnalites\/dematerialisation-factures-fournisseurs\/\"]}]},{\"@type\":\"BreadcrumbList\",\"@id\":\"https:\/\/www.synoptic-erp.com\/fr\/fonctionnalites\/dematerialisation-factures-fournisseurs\/#breadcrumb\",\"itemListElement\":[{\"@type\":\"ListItem\",\"position\":1,\"item\":{\"@type\":\"WebPage\",\"@id\":\"https:\/\/www.synoptic-erp.com\/fr\/\",\"url\":\"https:\/\/www.synoptic-erp.com\/fr\/\",\"name\":\"Accueil\"}},{\"@type\":\"ListItem\",\"position\":2,\"item\":{\"@type\":\"WebPage\",\"@id\":\"https:\/\/www.synoptic-erp.com\/fr\/fonctionnalites\/\",\"url\":\"https:\/\/www.synoptic-erp.com\/fr\/fonctionnalites\/\",\"name\":\"Fonctionnalit\\u00e9s\"}}]}]}<\/script>\n<!-- \/ Yoast SEO Premium plugin. -->","_links":{"self":[{"href":"https:\/\/www.synoptic-erp.com\/fr\/wp-json\/wp\/v2\/product\/5896","targetHints":{"allow":["GET"]}}],"collection":[{"href":"https:\/\/www.synoptic-erp.com\/fr\/wp-json\/wp\/v2\/product"}],"about":[{"href":"https:\/\/www.synoptic-erp.com\/fr\/wp-json\/wp\/v2\/types\/product"}],"version-history":[{"count":0,"href":"https:\/\/www.synoptic-erp.com\/fr\/wp-json\/wp\/v2\/product\/5896\/revisions"}],"wp:featuredmedia":[{"embeddable":true,"href":"https:\/\/www.synoptic-erp.com\/fr\/wp-json\/wp\/v2\/media\/5898"}],"wp:attachment":[{"href":"https:\/\/www.synoptic-erp.com\/fr\/wp-json\/wp\/v2\/media?parent=5896"}],"wp:term":[{"taxonomy":"job_type","embeddable":true,"href":"https:\/\/www.synoptic-erp.com\/fr\/wp-json\/wp\/v2\/job_type?post=5896"},{"taxonomy":"product_function","embeddable":true,"href":"https:\/\/www.synoptic-erp.com\/fr\/wp-json\/wp\/v2\/product_function?post=5896"},{"taxonomy":"product_support","embeddable":true,"href":"https:\/\/www.synoptic-erp.com\/fr\/wp-json\/wp\/v2\/product_support?post=5896"}],"curies":[{"name":"wp","href":"https:\/\/api.w.org\/{rel}","templated":true}]}}