{"id":412,"date":"2020-04-01T07:58:19","date_gmt":"2020-04-01T05:58:19","guid":{"rendered":"https:\/\/synoptic-erp.com\/?post_type=product&#038;p=412"},"modified":"2022-03-29T10:38:57","modified_gmt":"2022-03-29T08:38:57","slug":"crm","status":"publish","type":"product","link":"https:\/\/www.synoptic-erp.com\/fr\/fonctionnalites\/crm\/","title":{"rendered":"CRM"},"content":{"rendered":"","protected":false},"excerpt":{"rendered":"","protected":false},"featured_media":1122,"template":"","job_type":[],"product_function":[],"product_support":[],"class_list":["post-412","product","type-product","status-publish","has-post-thumbnail","hentry"],"acf":[],"yoast_head":"<!-- This site is optimized with the Yoast SEO Premium plugin v15.0 - https:\/\/yoast.com\/wordpress\/plugins\/seo\/ -->\n<title>CRM pour PME : logiciel intuitif et connect\u00e9 \u00e0 votre ERP - Synoptic ERP<\/title>\n<meta name=\"description\" content=\"Boostez vos performances commerciales gr\u00e2ce aux fonctionnalit\u00e9s CRM de Synoptic ERP et \u00e0 la CRM web accessible sur tous vos supports !\" \/>\n<meta name=\"robots\" content=\"index, follow, max-snippet:-1, max-image-preview:large, max-video-preview:-1\" \/>\n<link rel=\"canonical\" href=\"https:\/\/www.synoptic-erp.com\/fr\/fonctionnalites\/crm\/\" \/>\n<meta property=\"og:locale\" content=\"fr_FR\" \/>\n<meta property=\"og:type\" content=\"article\" \/>\n<meta property=\"og:title\" content=\"CRM pour PME : logiciel intuitif et connect\u00e9 \u00e0 votre ERP - Synoptic ERP\" \/>\n<meta property=\"og:description\" content=\"Boostez vos performances commerciales gr\u00e2ce aux fonctionnalit\u00e9s CRM de Synoptic ERP et \u00e0 la CRM web accessible sur tous vos supports !\" \/>\n<meta property=\"og:url\" content=\"https:\/\/www.synoptic-erp.com\/fr\/fonctionnalites\/crm\/\" \/>\n<meta property=\"og:site_name\" content=\"Synoptic ERP\" \/>\n<meta property=\"article:modified_time\" content=\"2022-03-29T08:38:57+00:00\" \/>\n<meta property=\"og:image\" content=\"https:\/\/www.synoptic-erp.com\/wp-content\/uploads\/2020\/04\/Forces-de-vente-Synoptic-ERP.jpeg\" \/>\n\t<meta property=\"og:image:width\" content=\"680\" \/>\n\t<meta property=\"og:image:height\" content=\"440\" \/>\n<meta name=\"twitter:card\" content=\"summary_large_image\" \/>\n<script type=\"application\/ld+json\" class=\"yoast-schema-graph\">{\"@context\":\"https:\/\/schema.org\",\"@graph\":[{\"@type\":\"WebSite\",\"@id\":\"https:\/\/www.synoptic-erp.com\/fr\/#website\",\"url\":\"https:\/\/www.synoptic-erp.com\/fr\/\",\"name\":\"Synoptic ERP\",\"description\":\"L&#039;ERP modulaire et personnalisable pour PME\",\"potentialAction\":[{\"@type\":\"SearchAction\",\"target\":\"https:\/\/www.synoptic-erp.com\/fr\/?s={search_term_string}\",\"query-input\":\"required name=search_term_string\"}],\"inLanguage\":\"fr-FR\"},{\"@type\":\"ImageObject\",\"@id\":\"https:\/\/www.synoptic-erp.com\/fr\/fonctionnalites\/crm\/#primaryimage\",\"inLanguage\":\"fr-FR\",\"url\":\"https:\/\/www.synoptic-erp.com\/wp-content\/uploads\/2020\/04\/Forces-de-vente-Synoptic-ERP.jpeg\",\"width\":680,\"height\":440,\"caption\":\"Gestion forces de vente ERP\"},{\"@type\":\"WebPage\",\"@id\":\"https:\/\/www.synoptic-erp.com\/fr\/fonctionnalites\/crm\/#webpage\",\"url\":\"https:\/\/www.synoptic-erp.com\/fr\/fonctionnalites\/crm\/\",\"name\":\"CRM pour PME : logiciel intuitif et connect\\u00e9 \\u00e0 votre ERP - Synoptic ERP\",\"isPartOf\":{\"@id\":\"https:\/\/www.synoptic-erp.com\/fr\/#website\"},\"primaryImageOfPage\":{\"@id\":\"https:\/\/www.synoptic-erp.com\/fr\/fonctionnalites\/crm\/#primaryimage\"},\"datePublished\":\"2020-04-01T05:58:19+00:00\",\"dateModified\":\"2022-03-29T08:38:57+00:00\",\"description\":\"Boostez vos performances commerciales gr\\u00e2ce aux fonctionnalit\\u00e9s CRM de Synoptic ERP et \\u00e0 la CRM web accessible sur tous vos supports !\",\"breadcrumb\":{\"@id\":\"https:\/\/www.synoptic-erp.com\/fr\/fonctionnalites\/crm\/#breadcrumb\"},\"inLanguage\":\"fr-FR\",\"potentialAction\":[{\"@type\":\"ReadAction\",\"target\":[\"https:\/\/www.synoptic-erp.com\/fr\/fonctionnalites\/crm\/\"]}]},{\"@type\":\"BreadcrumbList\",\"@id\":\"https:\/\/www.synoptic-erp.com\/fr\/fonctionnalites\/crm\/#breadcrumb\",\"itemListElement\":[{\"@type\":\"ListItem\",\"position\":1,\"item\":{\"@type\":\"WebPage\",\"@id\":\"https:\/\/www.synoptic-erp.com\/fr\/\",\"url\":\"https:\/\/www.synoptic-erp.com\/fr\/\",\"name\":\"Accueil\"}},{\"@type\":\"ListItem\",\"position\":2,\"item\":{\"@type\":\"WebPage\",\"@id\":\"https:\/\/www.synoptic-erp.com\/fr\/fonctionnalites\/\",\"url\":\"https:\/\/www.synoptic-erp.com\/fr\/fonctionnalites\/\",\"name\":\"Fonctionnalit\\u00e9s\"}}]}]}<\/script>\n<!-- \/ Yoast SEO Premium plugin. -->","_links":{"self":[{"href":"https:\/\/www.synoptic-erp.com\/fr\/wp-json\/wp\/v2\/product\/412","targetHints":{"allow":["GET"]}}],"collection":[{"href":"https:\/\/www.synoptic-erp.com\/fr\/wp-json\/wp\/v2\/product"}],"about":[{"href":"https:\/\/www.synoptic-erp.com\/fr\/wp-json\/wp\/v2\/types\/product"}],"version-history":[{"count":0,"href":"https:\/\/www.synoptic-erp.com\/fr\/wp-json\/wp\/v2\/product\/412\/revisions"}],"wp:featuredmedia":[{"embeddable":true,"href":"https:\/\/www.synoptic-erp.com\/fr\/wp-json\/wp\/v2\/media\/1122"}],"wp:attachment":[{"href":"https:\/\/www.synoptic-erp.com\/fr\/wp-json\/wp\/v2\/media?parent=412"}],"wp:term":[{"taxonomy":"job_type","embeddable":true,"href":"https:\/\/www.synoptic-erp.com\/fr\/wp-json\/wp\/v2\/job_type?post=412"},{"taxonomy":"product_function","embeddable":true,"href":"https:\/\/www.synoptic-erp.com\/fr\/wp-json\/wp\/v2\/product_function?post=412"},{"taxonomy":"product_support","embeddable":true,"href":"https:\/\/www.synoptic-erp.com\/fr\/wp-json\/wp\/v2\/product_support?post=412"}],"curies":[{"name":"wp","href":"https:\/\/api.w.org\/{rel}","templated":true}]}}