{"id":5415,"date":"2024-06-17T15:32:55","date_gmt":"2024-06-17T13:32:55","guid":{"rendered":"https:\/\/www.synoptic-erp.com\/?page_id=5415"},"modified":"2024-06-17T15:38:53","modified_gmt":"2024-06-17T13:38:53","slug":"confirmation-inscription-newsletter","status":"publish","type":"page","link":"https:\/\/www.synoptic-erp.com\/fr\/confirmation-inscription-newsletter\/","title":{"rendered":"Confirmation inscription newsletter"},"content":{"rendered":"\t\t<div data-elementor-type=\"wp-page\" data-elementor-id=\"5415\" class=\"elementor elementor-5415\" data-elementor-post-type=\"page\">\n\t\t\t\t<div class=\"elementor-element elementor-element-92b2e5a e-flex e-con-boxed e-con e-parent\" data-id=\"92b2e5a\" data-element_type=\"container\" data-e-type=\"container\">\n\t\t\t\t\t<div class=\"e-con-inner\">\n\t\t\t\t<div class=\"elementor-element elementor-element-169bbeb elementor-widget elementor-widget-text-editor\" data-id=\"169bbeb\" data-element_type=\"widget\" data-e-type=\"widget\" data-widget_type=\"text-editor.default\">\n\t\t\t\t<div class=\"elementor-widget-container\">\n\t\t\t\t\t\t\t\t\t<p><strong>Nous vous remercions pour votre inscription \u00e0 notre newsletter Synoptic.<\/strong><\/p><p>Vous recevrez bient\u00f4t nos actualit\u00e9s.<\/p><p>Si vous souhaitez vous d\u00e9sabonner, vous pouvez cliquer sur le lien pr\u00e9sent en bas de chaque e-mail de communication commerciale.<\/p><p>Vous avez \u00e9galement la possibilit\u00e9 de nous \u00e9crire directement \u00e0 l&rsquo;adresse <span style=\"color: #4164e6;\"><span style=\"text-decoration: underline;\"><strong><a style=\"color: #4164e6; text-decoration: underline;\" href=\"mailto:proges@proges.com\">proges@proges.com<\/a><\/strong><\/span>.<\/span><\/p>\t\t\t\t\t\t\t\t<\/div>\n\t\t\t\t<\/div>\n\t\t\t\t\t<\/div>\n\t\t\t\t<\/div>\n\t\t<div class=\"elementor-element elementor-element-fde394c e-flex e-con-boxed e-con e-parent\" data-id=\"fde394c\" data-element_type=\"container\" data-e-type=\"container\">\n\t\t\t\t\t<div class=\"e-con-inner\">\n\t\t<div class=\"elementor-element elementor-element-5330bbe e-flex e-con-boxed e-con e-child\" data-id=\"5330bbe\" data-element_type=\"container\" data-e-type=\"container\">\n\t\t\t\t\t<div class=\"e-con-inner\">\n\t\t\t\t<div class=\"elementor-element elementor-element-36d2742 elementor-align-center elementor-widget__width-inherit button button--1 elementor-widget elementor-widget-button\" data-id=\"36d2742\" data-element_type=\"widget\" data-e-type=\"widget\" data-widget_type=\"button.default\">\n\t\t\t\t<div class=\"elementor-widget-container\">\n\t\t\t\t\t\t\t\t\t<div class=\"elementor-button-wrapper\">\n\t\t\t\t\t<a class=\"elementor-button elementor-button-link elementor-size-sm\" href=\"https:\/\/www.synoptic-erp.com\/fr\/\">\n\t\t\t\t\t\t<span class=\"elementor-button-content-wrapper\">\n\t\t\t\t\t\t\t\t\t<span class=\"elementor-button-text\">Retourner \u00e0 l'accueil <\/span>\n\t\t\t\t\t<\/span>\n\t\t\t\t\t<\/a>\n\t\t\t\t<\/div>\n\t\t\t\t\t\t\t\t<\/div>\n\t\t\t\t<\/div>\n\t\t\t\t\t<\/div>\n\t\t\t\t<\/div>\n\t\t\t\t\t<\/div>\n\t\t\t\t<\/div>\n\t\t\t\t<\/div>\n\t\t","protected":false},"excerpt":{"rendered":"<p>Nous vous remercions pour votre inscription \u00e0 notre newsletter Synoptic. Vous recevrez bient\u00f4t nos actualit\u00e9s&#8230;.<\/p>\n","protected":false},"author":26,"featured_media":0,"parent":0,"menu_order":0,"comment_status":"closed","ping_status":"closed","template":"","meta":{"footnotes":""},"class_list":["post-5415","page","type-page","status-publish","hentry"],"acf":[],"yoast_head":"<!-- This site is optimized with the Yoast SEO Premium plugin v15.0 - https:\/\/yoast.com\/wordpress\/plugins\/seo\/ -->\n<title>Confirmation inscription newsletter - Synoptic ERP<\/title>\n<meta name=\"robots\" content=\"index, follow, max-snippet:-1, max-image-preview:large, max-video-preview:-1\" \/>\n<link rel=\"canonical\" href=\"https:\/\/www.synoptic-erp.com\/fr\/confirmation-inscription-newsletter\/\" \/>\n<meta property=\"og:locale\" content=\"fr_FR\" \/>\n<meta property=\"og:type\" content=\"article\" \/>\n<meta property=\"og:title\" content=\"Confirmation inscription newsletter - Synoptic ERP\" \/>\n<meta property=\"og:description\" content=\"Nous vous remercions pour votre inscription \u00e0 notre newsletter Synoptic. Vous recevrez bient\u00f4t nos actualit\u00e9s....\" \/>\n<meta property=\"og:url\" content=\"https:\/\/www.synoptic-erp.com\/fr\/confirmation-inscription-newsletter\/\" \/>\n<meta property=\"og:site_name\" content=\"Synoptic ERP\" \/>\n<meta property=\"article:modified_time\" content=\"2024-06-17T13:38:53+00:00\" \/>\n<meta name=\"twitter:card\" content=\"summary_large_image\" \/>\n<script type=\"application\/ld+json\" class=\"yoast-schema-graph\">{\"@context\":\"https:\/\/schema.org\",\"@graph\":[{\"@type\":\"WebSite\",\"@id\":\"https:\/\/www.synoptic-erp.com\/fr\/#website\",\"url\":\"https:\/\/www.synoptic-erp.com\/fr\/\",\"name\":\"Synoptic ERP\",\"description\":\"L&#039;ERP modulaire et personnalisable pour PME\",\"potentialAction\":[{\"@type\":\"SearchAction\",\"target\":\"https:\/\/www.synoptic-erp.com\/fr\/?s={search_term_string}\",\"query-input\":\"required name=search_term_string\"}],\"inLanguage\":\"fr-FR\"},{\"@type\":\"WebPage\",\"@id\":\"https:\/\/www.synoptic-erp.com\/fr\/confirmation-inscription-newsletter\/#webpage\",\"url\":\"https:\/\/www.synoptic-erp.com\/fr\/confirmation-inscription-newsletter\/\",\"name\":\"Confirmation inscription newsletter - Synoptic ERP\",\"isPartOf\":{\"@id\":\"https:\/\/www.synoptic-erp.com\/fr\/#website\"},\"datePublished\":\"2024-06-17T13:32:55+00:00\",\"dateModified\":\"2024-06-17T13:38:53+00:00\",\"breadcrumb\":{\"@id\":\"https:\/\/www.synoptic-erp.com\/fr\/confirmation-inscription-newsletter\/#breadcrumb\"},\"inLanguage\":\"fr-FR\",\"potentialAction\":[{\"@type\":\"ReadAction\",\"target\":[\"https:\/\/www.synoptic-erp.com\/fr\/confirmation-inscription-newsletter\/\"]}]},{\"@type\":\"BreadcrumbList\",\"@id\":\"https:\/\/www.synoptic-erp.com\/fr\/confirmation-inscription-newsletter\/#breadcrumb\",\"itemListElement\":[{\"@type\":\"ListItem\",\"position\":1,\"item\":{\"@type\":\"WebPage\",\"@id\":\"https:\/\/www.synoptic-erp.com\/fr\/\",\"url\":\"https:\/\/www.synoptic-erp.com\/fr\/\",\"name\":\"Accueil\"}}]}]}<\/script>\n<!-- \/ Yoast SEO Premium plugin. -->","_links":{"self":[{"href":"https:\/\/www.synoptic-erp.com\/fr\/wp-json\/wp\/v2\/pages\/5415","targetHints":{"allow":["GET"]}}],"collection":[{"href":"https:\/\/www.synoptic-erp.com\/fr\/wp-json\/wp\/v2\/pages"}],"about":[{"href":"https:\/\/www.synoptic-erp.com\/fr\/wp-json\/wp\/v2\/types\/page"}],"author":[{"embeddable":true,"href":"https:\/\/www.synoptic-erp.com\/fr\/wp-json\/wp\/v2\/users\/26"}],"replies":[{"embeddable":true,"href":"https:\/\/www.synoptic-erp.com\/fr\/wp-json\/wp\/v2\/comments?post=5415"}],"version-history":[{"count":0,"href":"https:\/\/www.synoptic-erp.com\/fr\/wp-json\/wp\/v2\/pages\/5415\/revisions"}],"wp:attachment":[{"href":"https:\/\/www.synoptic-erp.com\/fr\/wp-json\/wp\/v2\/media?parent=5415"}],"curies":[{"name":"wp","href":"https:\/\/api.w.org\/{rel}","templated":true}]}}