{"id":4,"date":"2019-12-18T08:47:06","date_gmt":"2019-12-18T07:47:06","guid":{"rendered":"https:\/\/synoptic-erp.com\/?page_id=4"},"modified":"2026-04-09T09:04:29","modified_gmt":"2026-04-09T07:04:29","slug":"accueil","status":"publish","type":"page","link":"https:\/\/www.synoptic-erp.com\/fr\/","title":{"rendered":"Accueil"},"content":{"rendered":"","protected":false},"excerpt":{"rendered":"","protected":false},"author":7,"featured_media":0,"parent":0,"menu_order":0,"comment_status":"closed","ping_status":"closed","template":"","meta":{"footnotes":""},"class_list":["post-4","page","type-page","status-publish","hentry"],"acf":[],"yoast_head":"<!-- This site is optimized with the Yoast SEO Premium plugin v15.0 - https:\/\/yoast.com\/wordpress\/plugins\/seo\/ -->\n<title>Synoptic : ERP modulaire et personnalisable pour PME | Int\u00e9grateur Sage<\/title>\n<meta name=\"description\" content=\"ERP modulaire pour PME hautement personnalisable qui s&#039;adapte \u00e0 votre m\u00e9tier | Centre de comp\u00e9tence Sage Hauts-de-France | SIRH Synoriel.\" \/>\n<meta name=\"robots\" content=\"index, follow, max-snippet:-1, max-image-preview:large, max-video-preview:-1\" \/>\n<link rel=\"canonical\" href=\"https:\/\/www.synoptic-erp.com\/fr\/\" \/>\n<meta property=\"og:locale\" content=\"fr_FR\" \/>\n<meta property=\"og:type\" content=\"article\" \/>\n<meta property=\"og:title\" content=\"Synoptic : ERP modulaire et personnalisable pour PME | Int\u00e9grateur Sage\" \/>\n<meta property=\"og:description\" content=\"ERP modulaire pour PME hautement personnalisable qui s&#039;adapte \u00e0 votre m\u00e9tier | Centre de comp\u00e9tence Sage Hauts-de-France | SIRH Synoriel.\" \/>\n<meta property=\"og:url\" content=\"https:\/\/www.synoptic-erp.com\/fr\/\" \/>\n<meta property=\"og:site_name\" content=\"Synoptic ERP\" \/>\n<meta property=\"article:modified_time\" content=\"2026-04-09T07:04:29+00:00\" \/>\n<meta name=\"twitter:card\" content=\"summary_large_image\" \/>\n<script type=\"application\/ld+json\" class=\"yoast-schema-graph\">{\"@context\":\"https:\/\/schema.org\",\"@graph\":[{\"@type\":\"WebSite\",\"@id\":\"https:\/\/www.synoptic-erp.com\/fr\/#website\",\"url\":\"https:\/\/www.synoptic-erp.com\/fr\/\",\"name\":\"Synoptic ERP\",\"description\":\"L&#039;ERP modulaire et personnalisable pour PME\",\"potentialAction\":[{\"@type\":\"SearchAction\",\"target\":\"https:\/\/www.synoptic-erp.com\/fr\/?s={search_term_string}\",\"query-input\":\"required name=search_term_string\"}],\"inLanguage\":\"fr-FR\"},{\"@type\":\"WebPage\",\"@id\":\"https:\/\/www.synoptic-erp.com\/fr\/#webpage\",\"url\":\"https:\/\/www.synoptic-erp.com\/fr\/\",\"name\":\"Synoptic : ERP modulaire et personnalisable pour PME | Int\\u00e9grateur Sage\",\"isPartOf\":{\"@id\":\"https:\/\/www.synoptic-erp.com\/fr\/#website\"},\"datePublished\":\"2019-12-18T07:47:06+00:00\",\"dateModified\":\"2026-04-09T07:04:29+00:00\",\"description\":\"ERP modulaire pour PME hautement personnalisable qui s'adapte \\u00e0 votre m\\u00e9tier | Centre de comp\\u00e9tence Sage Hauts-de-France | SIRH Synoriel.\",\"breadcrumb\":{\"@id\":\"https:\/\/www.synoptic-erp.com\/fr\/#breadcrumb\"},\"inLanguage\":\"fr-FR\",\"potentialAction\":[{\"@type\":\"ReadAction\",\"target\":[\"https:\/\/www.synoptic-erp.com\/fr\/\"]}]},{\"@type\":\"BreadcrumbList\",\"@id\":\"https:\/\/www.synoptic-erp.com\/fr\/#breadcrumb\",\"itemListElement\":[{\"@type\":\"ListItem\",\"position\":1,\"item\":{\"@type\":\"WebPage\",\"@id\":\"https:\/\/www.synoptic-erp.com\/fr\/\",\"url\":\"https:\/\/www.synoptic-erp.com\/fr\/\",\"name\":\"Accueil\"}}]}]}<\/script>\n<!-- \/ Yoast SEO Premium plugin. -->","_links":{"self":[{"href":"https:\/\/www.synoptic-erp.com\/fr\/wp-json\/wp\/v2\/pages\/4","targetHints":{"allow":["GET"]}}],"collection":[{"href":"https:\/\/www.synoptic-erp.com\/fr\/wp-json\/wp\/v2\/pages"}],"about":[{"href":"https:\/\/www.synoptic-erp.com\/fr\/wp-json\/wp\/v2\/types\/page"}],"author":[{"embeddable":true,"href":"https:\/\/www.synoptic-erp.com\/fr\/wp-json\/wp\/v2\/users\/7"}],"replies":[{"embeddable":true,"href":"https:\/\/www.synoptic-erp.com\/fr\/wp-json\/wp\/v2\/comments?post=4"}],"version-history":[{"count":0,"href":"https:\/\/www.synoptic-erp.com\/fr\/wp-json\/wp\/v2\/pages\/4\/revisions"}],"wp:attachment":[{"href":"https:\/\/www.synoptic-erp.com\/fr\/wp-json\/wp\/v2\/media?parent=4"}],"curies":[{"name":"wp","href":"https:\/\/api.w.org\/{rel}","templated":true}]}}